{"id":317,"date":"2022-12-07T14:03:53","date_gmt":"2022-12-07T19:03:53","guid":{"rendered":"https:\/\/karatesportifparascolaire.com\/GKS_Kirkland\/?page_id=317"},"modified":"2026-03-17T07:58:56","modified_gmt":"2026-03-17T11:58:56","slug":"ecole-primaire-emile-nelligan","status":"publish","type":"page","link":"https:\/\/karatesportifparascolaire.com\/kirkland\/formulaires\/ecole-primaire-emile-nelligan\/","title":{"rendered":"\u00c9cole Primaire \u00c9mile-Nelligan"},"content":{"rendered":"<h1>\u00c9cole Primaire \u00c9mile-Nelligan<\/h1>\n<h3>101 Rue Charlevoix, Kirkland, QC H9J 3E2<\/h3>\n<div>\n<h3>HORAIRE<\/h3>\n<\/div>\n<hr>\n<h3>PRINTEMPS 2026<\/h3>\n<table>\n<tbody>\n<tr>\n<td>Maternelle \u00e0 6e ann\u00e9e<\/td>\n<td>Les <strong>lundis<\/strong> du <strong>13 avril<\/strong> au <strong>1er juin 2026<\/strong><\/td>\n<td>15h00 \u00e0 15h45<\/td>\n<\/tr>\n<\/tbody>\n<\/table>\n<div>\n<h3>CO\u00dbT<\/h3>\n<\/div>\n<hr>\n<table>\n<tbody>\n<tr>\n<td>Cour<\/td>\n<td>\n<p>190 $<\/p>\n<\/td>\n<\/tr>\n<tr>\n<td>Uniforme<\/td>\n<td>70 $<\/td>\n<\/tr>\n<tr>\n<td>T-Shirt<\/td>\n<td>25 $<\/td>\n<\/tr>\n<tr>\n<td>Sac baluchon KS<\/td>\n<td>15 $<\/td>\n<\/tr>\n<\/tbody>\n<\/table>\n<div>\n<h3>INSCRIPTION<\/h3>\n<\/div>\n<hr>\n<div>\n<form id=\"forminator-module-319\" class=\"forminator-custom-form forminator-custom-form-319\" method=\"post\" data-forminator-render=\"0\" data-uid=\"69f210fbdd035\"><div role=\"alert\" aria-live=\"polite\" class=\"forminator-response-message forminator-error\" aria-hidden=\"true\"><\/div><\/form><\/div>\n<h1>(514) 546-1575<\/h1>\n<h2>info@karatekirkland.com<\/h2>\n<p><!--more--><br \/>\n<!-- {\"type\":\"layout\",\"children\":[{\"name\":\"Section Sub Header\",\"type\":\"section\",\"props\":{\"image_position\":\"center-center\",\"padding\":\"xsmall\",\"padding_remove_top\":false,\"style\":\"secondary\",\"title_breakpoint\":\"xl\",\"title_position\":\"top-left\",\"title_rotation\":\"left\",\"vertical_align\":\"\",\"width\":\"default\"},\"children\":[{\"type\":\"row\",\"children\":[{\"type\":\"column\",\"props\":{\"image_position\":\"center-center\",\"position_sticky_breakpoint\":\"m\",\"width_medium\":\"1-1\"},\"children\":[{\"type\":\"headline\",\"props\":{\"content\":\"\\u00c9cole Primaire \\u00c9mile-Nelligan\",\"margin_remove_bottom\":true,\"margin_remove_top\":false,\"text_align\":\"center\",\"text_align_breakpoint\":\"s\",\"text_align_fallback\":\"center\",\"title_color\":\"emphasis\",\"title_element\":\"h1\",\"title_style\":\"h1\"}},{\"type\":\"headline\",\"props\":{\"content\":\"101 Rue Charlevoix, Kirkland, QC H9J 3E2\",\"margin_remove_top\":true,\"text_align\":\"center\",\"title_element\":\"h3\",\"title_style\":\"h3\"}}]}]}]},{\"type\":\"section\",\"props\":{\"image_position\":\"center-center\",\"padding_remove_bottom\":true,\"style\":\"default\",\"title_breakpoint\":\"xl\",\"title_position\":\"top-left\",\"title_rotation\":\"left\",\"vertical_align\":\"\",\"width\":\"xsmall\"},\"children\":[{\"type\":\"row\",\"props\":{\"margin_remove_top\":true},\"children\":[{\"type\":\"column\",\"props\":{\"image_position\":\"center-center\",\"position_sticky_breakpoint\":\"m\",\"width_medium\":\"1-1\"},\"children\":[{\"type\":\"panel\",\"props\":{\"block_align\":\"center\",\"content\":\"\",\"content_column_breakpoint\":\"m\",\"icon\":\"calendar\",\"icon_width\":60,\"image_align\":\"left\",\"image_grid_breakpoint\":\"m\",\"image_grid_column_gap\":\"small\",\"image_grid_row_gap\":\"small\",\"image_grid_width\":\"auto\",\"image_svg_color\":\"emphasis\",\"image_vertical_align\":true,\"link_style\":\"default\",\"link_text\":\"Read more\",\"margin\":\"default\",\"maxwidth\":\"2xlarge\",\"maxwidth_breakpoint\":\"s\",\"meta\":\"\",\"meta_align\":\"below-title\",\"meta_element\":\"div\",\"meta_margin\":\"remove\",\"meta_style\":\"text-meta\",\"text_align\":\"left\",\"text_align_breakpoint\":\"s\",\"text_align_fallback\":\"center\",\"title\":\"HORAIRE\",\"title_align\":\"top\",\"title_color\":\"emphasis\",\"title_element\":\"h3\",\"title_grid_breakpoint\":\"m\",\"title_grid_width\":\"1-2\",\"title_hover_style\":\"reset\",\"title_style\":\"heading-small\"}},{\"type\":\"divider\",\"props\":{\"block_align\":\"center\",\"divider_element\":\"hr\",\"divider_style\":\"icon\",\"maxwidth\":\"2xlarge\"}},{\"type\":\"headline\",\"props\":{\"content\":\"PRINTEMPS 2026\",\"title_decoration\":\"bullet\",\"title_element\":\"h3\",\"title_style\":\"h3\"}},{\"type\":\"table\",\"props\":{\"block_align\":\"center\",\"image_svg_color\":\"emphasis\",\"link_style\":\"default\",\"link_text\":\"Read more\",\"margin_remove_bottom\":false,\"maxwidth\":\"2xlarge\",\"meta_style\":\"\",\"show_content\":true,\"show_image\":true,\"show_link\":true,\"show_meta\":true,\"show_title\":true,\"table_last_align\":\"right\",\"table_order\":\"5\",\"table_responsive\":\"overflow\",\"table_size\":\"large\",\"table_style\":\"striped\",\"table_vertical_align\":true,\"table_width_meta\":\"\",\"table_width_title\":\"shrink\",\"text_align\":\"left\"},\"children\":[{\"type\":\"table_item\",\"props\":{\"content\":\"15h00 \\u00e0 15h45\",\"meta\":\"Les <strong>lundis<\\\/strong> du <strong>13 avril<\\\/strong> au <strong>1er juin 2026<\\\/strong>\",\"title\":\"Maternelle \\u00e0 6e ann\\u00e9e\"}}]}]}]}]},{\"type\":\"section\",\"props\":{\"image_position\":\"center-center\",\"padding_remove_bottom\":true,\"style\":\"default\",\"title_breakpoint\":\"xl\",\"title_position\":\"top-left\",\"title_rotation\":\"left\",\"vertical_align\":\"\",\"width\":\"default\"},\"children\":[{\"type\":\"row\",\"props\":{\"margin_remove_top\":true},\"children\":[{\"type\":\"column\",\"props\":{\"image_position\":\"center-center\",\"position_sticky_breakpoint\":\"m\",\"width_medium\":\"1-1\"},\"children\":[{\"type\":\"panel\",\"props\":{\"block_align\":\"center\",\"content\":\"\",\"content_column_breakpoint\":\"m\",\"icon\":\"tag\",\"icon_width\":60,\"image_align\":\"left\",\"image_grid_breakpoint\":\"m\",\"image_grid_column_gap\":\"small\",\"image_grid_row_gap\":\"small\",\"image_grid_width\":\"auto\",\"image_svg_color\":\"emphasis\",\"image_vertical_align\":true,\"link_style\":\"default\",\"link_text\":\"Read more\",\"margin\":\"default\",\"maxwidth\":\"2xlarge\",\"maxwidth_breakpoint\":\"s\",\"meta\":\"\",\"meta_align\":\"below-title\",\"meta_element\":\"div\",\"meta_margin\":\"remove\",\"meta_style\":\"text-meta\",\"text_align\":\"left\",\"text_align_breakpoint\":\"s\",\"text_align_fallback\":\"center\",\"title\":\"CO\\u00dbT\",\"title_align\":\"top\",\"title_color\":\"emphasis\",\"title_element\":\"h3\",\"title_grid_breakpoint\":\"m\",\"title_grid_width\":\"1-2\",\"title_hover_style\":\"reset\",\"title_style\":\"heading-small\"}},{\"type\":\"divider\",\"props\":{\"block_align\":\"center\",\"divider_element\":\"hr\",\"divider_style\":\"icon\",\"maxwidth\":\"2xlarge\"}},{\"type\":\"table\",\"props\":{\"block_align\":\"center\",\"image_svg_color\":\"emphasis\",\"link_style\":\"default\",\"link_text\":\"Read more\",\"maxwidth\":\"2xlarge\",\"meta_style\":\"text-meta\",\"show_content\":true,\"show_image\":true,\"show_link\":true,\"show_meta\":true,\"show_title\":true,\"table_last_align\":\"right\",\"table_order\":\"1\",\"table_responsive\":\"overflow\",\"table_size\":\"large\",\"table_style\":\"striped\",\"table_vertical_align\":true,\"table_width_meta\":\"shrink\",\"table_width_title\":\"shrink\",\"text_align\":\"left\"},\"children\":[{\"type\":\"table_item\",\"props\":{\"content\":\"\n\n<p>190 $<\\\/p>\",\"title\":\"Cour\"}},{\"type\":\"table_item\",\"props\":{\"content\":\"70 $\",\"meta\":\"\",\"title\":\"Uniforme\"}},{\"type\":\"table_item\",\"props\":{\"content\":\"25 $\",\"meta\":\"\",\"title\":\"T-Shirt\"}},{\"type\":\"table_item\",\"props\":{\"content\":\"15 $\",\"title\":\"Sac baluchon KS\"}}]}]}]}]},{\"type\":\"section\",\"props\":{\"image_position\":\"center-center\",\"padding_remove_bottom\":false,\"style\":\"default\",\"title_breakpoint\":\"xl\",\"title_position\":\"top-left\",\"title_rotation\":\"left\",\"vertical_align\":\"\",\"width\":\"default\"},\"children\":[{\"type\":\"row\",\"props\":{\"margin_remove_top\":true,\"width\":\"xsmall\"},\"children\":[{\"type\":\"column\",\"props\":{\"image_position\":\"center-center\",\"position_sticky_breakpoint\":\"m\",\"width_medium\":\"1-1\"},\"children\":[{\"type\":\"panel\",\"props\":{\"block_align\":\"center\",\"content\":\"\",\"content_column_breakpoint\":\"m\",\"icon\":\"thumbnails\",\"icon_width\":60,\"image_align\":\"left\",\"image_grid_breakpoint\":\"m\",\"image_grid_column_gap\":\"small\",\"image_grid_row_gap\":\"small\",\"image_grid_width\":\"auto\",\"image_svg_color\":\"emphasis\",\"image_vertical_align\":true,\"link_style\":\"default\",\"link_text\":\"Read more\",\"margin\":\"default\",\"maxwidth\":\"2xlarge\",\"maxwidth_breakpoint\":\"s\",\"meta\":\"\",\"meta_align\":\"below-title\",\"meta_element\":\"div\",\"meta_margin\":\"remove\",\"meta_style\":\"text-meta\",\"text_align\":\"left\",\"text_align_breakpoint\":\"s\",\"text_align_fallback\":\"center\",\"title\":\"INSCRIPTION\",\"title_align\":\"top\",\"title_element\":\"h3\",\"title_grid_breakpoint\":\"m\",\"title_grid_width\":\"1-2\",\"title_hover_style\":\"reset\",\"title_style\":\"heading-small\"}},{\"type\":\"divider\",\"props\":{\"block_align\":\"center\",\"divider_element\":\"hr\",\"divider_style\":\"icon\",\"maxwidth\":\"2xlarge\"}},{\"type\":\"html\",\"props\":{\"content\":\"[forminator_form id=\\\"319\\\"]\"}}]}]}]},{\"type\":\"section\",\"props\":{\"image_position\":\"center-center\",\"style\":\"muted\",\"title_breakpoint\":\"xl\",\"title_position\":\"top-left\",\"title_rotation\":\"left\",\"vertical_align\":\"\",\"width\":\"default\"},\"children\":[{\"type\":\"row\",\"children\":[{\"type\":\"column\",\"props\":{\"image_position\":\"center-center\",\"position_sticky_breakpoint\":\"m\",\"width_medium\":\"1-1\"},\"children\":[{\"type\":\"headline\",\"props\":{\"content\":\"(514) 546-1575\",\"margin_remove_bottom\":true,\"text_align\":\"center\",\"title_element\":\"h1\"}},{\"type\":\"headline\",\"props\":{\"content\":\"info@karatekirkland.com\",\"margin_remove_bottom\":true,\"margin_remove_top\":true,\"text_align\":\"center\",\"title_element\":\"h2\"}}]}]}]}],\"version\":\"4.5.32\"} --><\/p>\n","protected":false},"excerpt":{"rendered":"<p>\u00c9cole Primaire \u00c9mile-Nelligan 101 Rue Charlevoix, Kirkland, QC H9J 3E2 HORAIRE PRINTEMPS 2026 Maternelle \u00e0 6e ann\u00e9e Les lundis du 13 avril au 1er juin 2026 15h00 \u00e0 15h45 CO\u00dbT Cour 190 $ Uniforme 70 $ T-Shirt 25 $ Sac baluchon KS 15 $ INSCRIPTION (514) 546-1575 info@karatekirkland.com<\/p>\n","protected":false},"author":10,"featured_media":0,"parent":18,"menu_order":0,"comment_status":"closed","ping_status":"closed","template":"","meta":{"_acf_changed":false,"footnotes":""},"class_list":["post-317","page","type-page","status-publish","hentry"],"acf":[],"_links":{"self":[{"href":"https:\/\/karatesportifparascolaire.com\/kirkland\/wp-json\/wp\/v2\/pages\/317","targetHints":{"allow":["GET"]}}],"collection":[{"href":"https:\/\/karatesportifparascolaire.com\/kirkland\/wp-json\/wp\/v2\/pages"}],"about":[{"href":"https:\/\/karatesportifparascolaire.com\/kirkland\/wp-json\/wp\/v2\/types\/page"}],"author":[{"embeddable":true,"href":"https:\/\/karatesportifparascolaire.com\/kirkland\/wp-json\/wp\/v2\/users\/10"}],"replies":[{"embeddable":true,"href":"https:\/\/karatesportifparascolaire.com\/kirkland\/wp-json\/wp\/v2\/comments?post=317"}],"version-history":[{"count":0,"href":"https:\/\/karatesportifparascolaire.com\/kirkland\/wp-json\/wp\/v2\/pages\/317\/revisions"}],"up":[{"embeddable":true,"href":"https:\/\/karatesportifparascolaire.com\/kirkland\/wp-json\/wp\/v2\/pages\/18"}],"wp:attachment":[{"href":"https:\/\/karatesportifparascolaire.com\/kirkland\/wp-json\/wp\/v2\/media?parent=317"}],"curies":[{"name":"wp","href":"https:\/\/api.w.org\/{rel}","templated":true}]}}